{"id":109,"date":"2016-09-02T09:40:30","date_gmt":"2016-09-02T07:40:30","guid":{"rendered":"http:\/\/activeantenna.net\/?page_id=109"},"modified":"2016-09-02T16:28:50","modified_gmt":"2016-09-02T14:28:50","slug":"whip-tee","status":"publish","type":"page","link":"https:\/\/activeantenna.net\/?page_id=109","title":{"rendered":"Whip-Tee"},"content":{"rendered":"<h5>Eine universelle Fernspeiseweiche f\u00fcr Aktivantennen und Preamps<\/h5>\n<p>Whip-Tee ist eine T &#8211; f\u00f6rmige Frequenzweiche, \u00fcber die eine DC &#8211; Versorgungsspannung r\u00fcckwirkungsfrei auf eine Hochfrequenzleitung gekoppelt werden kann. Am Ausgang der Weiche, der zum angeschlossenen Empf\u00e4nger oder Transceiver f\u00fchrt, wird die Gleichspannung \u00fcber\u00a0 einen Kondensator\u00a0 abgetrennt. Die r\u00fcckwirkungsfreie Einkopplung der Gleichspannung auf die Hochfrequenzleitung erfolgt \u00fcber eine HF &#8211; Drossel, deren induktiver Widerstand im Nutzfrequenzbereich einen hohen Widerstand darstellt .<\/p>\n<p>Bei der Whip-Tee sind dar\u00fcberhinaus noch zus\u00e4tzliche Eigenschaften verwirklicht. Ein Br\u00fcckengleichrichter erlaubt den Anschluss von\u00a0 Wechselstrom- oder Gleichstrom-Netzteilen mit beliebiger Polarit\u00e4t. Ein integrierter Spannungsregler sorgt f\u00fcr eine stabilisierte und kurzschlussfeste Ausgangsspannung. Durch Teilbest\u00fcckung k\u00f6nnen Varianten ohne Spannungsregler oder Gleichrichter nach individuellen Bed\u00fcrfnissen angepasst werden.<\/p>\n<p><a href=\"http:\/\/www.dl4zao.de\/_downloads\/Whip-Tee.pdf\"><strong><img loading=\"lazy\" decoding=\"async\" class=\"alignnone size-full wp-image-117\" src=\"http:\/\/activeantenna.net\/wp-content\/uploads\/2016\/09\/PDF_Icon.jpg\" alt=\"PDF_Icon\" width=\"56\" height=\"70\" \/><br \/>\nBeschreibung und Baumappe herunterladen (pdf)<\/strong><\/a><\/p>\n","protected":false},"excerpt":{"rendered":"<p>Eine universelle Fernspeiseweiche f\u00fcr Aktivantennen und Preamps Whip-Tee ist eine T &#8211; f\u00f6rmige Frequenzweiche, \u00fcber die eine DC &#8211; Versorgungsspannung r\u00fcckwirkungsfrei auf eine Hochfrequenzleitung gekoppelt werden kann. Am Ausgang der Weiche, der zum angeschlossenen Empf\u00e4nger oder Transceiver f\u00fchrt, wird die Gleichspannung \u00fcber\u00a0 einen Kondensator\u00a0 abgetrennt. Die r\u00fcckwirkungsfreie Einkopplung der Gleichspannung auf die Hochfrequenzleitung erfolgt \u00fcber eine HF &#8211; Drossel, deren <a class=\"more-link\" href=\"https:\/\/activeantenna.net\/?page_id=109\">weiterlesen&#8230;<\/a><\/p>\n","protected":false},"author":1,"featured_media":116,"parent":48,"menu_order":0,"comment_status":"closed","ping_status":"closed","template":"","meta":{"footnotes":""},"_links":{"self":[{"href":"https:\/\/activeantenna.net\/index.php?rest_route=\/wp\/v2\/pages\/109"}],"collection":[{"href":"https:\/\/activeantenna.net\/index.php?rest_route=\/wp\/v2\/pages"}],"about":[{"href":"https:\/\/activeantenna.net\/index.php?rest_route=\/wp\/v2\/types\/page"}],"author":[{"embeddable":true,"href":"https:\/\/activeantenna.net\/index.php?rest_route=\/wp\/v2\/users\/1"}],"replies":[{"embeddable":true,"href":"https:\/\/activeantenna.net\/index.php?rest_route=%2Fwp%2Fv2%2Fcomments&post=109"}],"version-history":[{"count":10,"href":"https:\/\/activeantenna.net\/index.php?rest_route=\/wp\/v2\/pages\/109\/revisions"}],"predecessor-version":[{"id":189,"href":"https:\/\/activeantenna.net\/index.php?rest_route=\/wp\/v2\/pages\/109\/revisions\/189"}],"up":[{"embeddable":true,"href":"https:\/\/activeantenna.net\/index.php?rest_route=\/wp\/v2\/pages\/48"}],"wp:featuredmedia":[{"embeddable":true,"href":"https:\/\/activeantenna.net\/index.php?rest_route=\/wp\/v2\/media\/116"}],"wp:attachment":[{"href":"https:\/\/activeantenna.net\/index.php?rest_route=%2Fwp%2Fv2%2Fmedia&parent=109"}],"curies":[{"name":"wp","href":"https:\/\/api.w.org\/{rel}","templated":true}]}}