{"id":172,"date":"2016-09-02T13:39:47","date_gmt":"2016-09-02T11:39:47","guid":{"rendered":"http:\/\/activeantenna.net\/?page_id=172"},"modified":"2016-09-02T13:53:35","modified_gmt":"2016-09-02T11:53:35","slug":"home","status":"publish","type":"page","link":"https:\/\/activeantenna.net\/","title":{"rendered":"ActiveAntenna Home"},"content":{"rendered":"<p><span class=\"normal\">Aktive Antennen f\u00fcr den Empfang sind kleiner als vergleichbare passive Antennen und stehen mit ihren Empfangsleistungen einer vergleichbaren passiven Antenne nicht nach. <\/span><span class=\"normal\">In einer Aktivantenne ist ein aktives Verst\u00e4rkerelement\u00a0 direkt im Anschlusspunkt eines elektrisch kurzen Antennenelements integriert und sorgt f\u00fcr breitbandige Anpassung an 50\u03a9. Wegen ihrer Breitbandigkeit\u00a0eignen sie sich besonders f\u00fcr Bandbeobachtung oder als Antenne f\u00fcr einen Zweitempf\u00e4nger oder einen SDR. Als ideale <\/span>Empfangs-Antenne f\u00fcr SWL, Amateurfunk und Broadcast DX<\/p>\n","protected":false},"excerpt":{"rendered":"<p>Aktive Antennen f\u00fcr den Empfang sind kleiner als vergleichbare passive Antennen und stehen mit ihren Empfangsleistungen einer vergleichbaren passiven Antenne nicht nach. In einer Aktivantenne ist ein aktives Verst\u00e4rkerelement\u00a0 direkt im Anschlusspunkt eines elektrisch kurzen Antennenelements integriert und sorgt f\u00fcr breitbandige Anpassung an 50\u03a9. Wegen ihrer Breitbandigkeit\u00a0eignen sie sich besonders f\u00fcr Bandbeobachtung oder als Antenne f\u00fcr einen Zweitempf\u00e4nger oder einen <a class=\"more-link\" href=\"https:\/\/activeantenna.net\/\">weiterlesen&#8230;<\/a><\/p>\n","protected":false},"author":1,"featured_media":0,"parent":0,"menu_order":0,"comment_status":"closed","ping_status":"closed","template":"","meta":{"footnotes":""},"_links":{"self":[{"href":"https:\/\/activeantenna.net\/index.php?rest_route=\/wp\/v2\/pages\/172"}],"collection":[{"href":"https:\/\/activeantenna.net\/index.php?rest_route=\/wp\/v2\/pages"}],"about":[{"href":"https:\/\/activeantenna.net\/index.php?rest_route=\/wp\/v2\/types\/page"}],"author":[{"embeddable":true,"href":"https:\/\/activeantenna.net\/index.php?rest_route=\/wp\/v2\/users\/1"}],"replies":[{"embeddable":true,"href":"https:\/\/activeantenna.net\/index.php?rest_route=%2Fwp%2Fv2%2Fcomments&post=172"}],"version-history":[{"count":7,"href":"https:\/\/activeantenna.net\/index.php?rest_route=\/wp\/v2\/pages\/172\/revisions"}],"predecessor-version":[{"id":182,"href":"https:\/\/activeantenna.net\/index.php?rest_route=\/wp\/v2\/pages\/172\/revisions\/182"}],"wp:attachment":[{"href":"https:\/\/activeantenna.net\/index.php?rest_route=%2Fwp%2Fv2%2Fmedia&parent=172"}],"curies":[{"name":"wp","href":"https:\/\/api.w.org\/{rel}","templated":true}]}}