{"id":48,"date":"2016-09-01T09:05:27","date_gmt":"2016-09-01T07:05:27","guid":{"rendered":"http:\/\/activeantenna.net\/?page_id=48"},"modified":"2016-09-02T13:58:28","modified_gmt":"2016-09-02T11:58:28","slug":"bias-tee","status":"publish","type":"page","link":"https:\/\/activeantenna.net\/?page_id=48","title":{"rendered":"Bias-Tee"},"content":{"rendered":"<p>Eine Fernspeiseweiche oder Bias-Tee ist eine\u00a0 T &#8211; f\u00f6rmige Frequenzweiche, \u00fcber die eine DC &#8211; Versorgungsspannung r\u00fcckwirkungsfrei auf eine Hochfrequenzleitung gekoppelt werden kann. Am Ausgang der Weiche, der zum angeschlossenen Empf\u00e4nger oder Transceiver f\u00fchrt, wird die Gleichspannung \u00fcber\u00a0 einen Kondensator\u00a0 abgetrennt. Die r\u00fcckwirkungsfreie Einkopplung der Gleichspannung auf die Hochfrequenzleitung erfolgt \u00fcber eine HF &#8211; Drossel, deren induktiver Widerstand im Nutzfrequenzbereich einen hohen Widerstand darstellt .<\/p>\n<p>&nbsp;<\/p>\n","protected":false},"excerpt":{"rendered":"<p>Eine Fernspeiseweiche oder Bias-Tee ist eine\u00a0 T &#8211; f\u00f6rmige Frequenzweiche, \u00fcber die eine DC &#8211; Versorgungsspannung r\u00fcckwirkungsfrei auf eine Hochfrequenzleitung gekoppelt werden kann. Am Ausgang der Weiche, der zum angeschlossenen Empf\u00e4nger oder Transceiver f\u00fchrt, wird die Gleichspannung \u00fcber\u00a0 einen Kondensator\u00a0 abgetrennt. Die r\u00fcckwirkungsfreie Einkopplung der Gleichspannung auf die Hochfrequenzleitung erfolgt \u00fcber eine HF &#8211; Drossel, deren induktiver Widerstand im Nutzfrequenzbereich <a class=\"more-link\" href=\"https:\/\/activeantenna.net\/?page_id=48\">weiterlesen&#8230;<\/a><\/p>\n","protected":false},"author":1,"featured_media":116,"parent":0,"menu_order":30,"comment_status":"closed","ping_status":"closed","template":"","meta":{"footnotes":""},"_links":{"self":[{"href":"https:\/\/activeantenna.net\/index.php?rest_route=\/wp\/v2\/pages\/48"}],"collection":[{"href":"https:\/\/activeantenna.net\/index.php?rest_route=\/wp\/v2\/pages"}],"about":[{"href":"https:\/\/activeantenna.net\/index.php?rest_route=\/wp\/v2\/types\/page"}],"author":[{"embeddable":true,"href":"https:\/\/activeantenna.net\/index.php?rest_route=\/wp\/v2\/users\/1"}],"replies":[{"embeddable":true,"href":"https:\/\/activeantenna.net\/index.php?rest_route=%2Fwp%2Fv2%2Fcomments&post=48"}],"version-history":[{"count":3,"href":"https:\/\/activeantenna.net\/index.php?rest_route=\/wp\/v2\/pages\/48\/revisions"}],"predecessor-version":[{"id":183,"href":"https:\/\/activeantenna.net\/index.php?rest_route=\/wp\/v2\/pages\/48\/revisions\/183"}],"wp:featuredmedia":[{"embeddable":true,"href":"https:\/\/activeantenna.net\/index.php?rest_route=\/wp\/v2\/media\/116"}],"wp:attachment":[{"href":"https:\/\/activeantenna.net\/index.php?rest_route=%2Fwp%2Fv2%2Fmedia&parent=48"}],"curies":[{"name":"wp","href":"https:\/\/api.w.org\/{rel}","templated":true}]}}